{"id":6313,"date":"2026-05-12T10:05:46","date_gmt":"2026-05-12T13:05:46","guid":{"rendered":"https:\/\/ggsveiculosantigos.com.br\/?post_type=product&#038;p=6313"},"modified":"2026-05-12T10:05:46","modified_gmt":"2026-05-12T13:05:46","slug":"fusca-1300-ano-1974","status":"publish","type":"product","link":"https:\/\/ggsveiculosantigos.com.br\/?product=fusca-1300-ano-1974","title":{"rendered":"Fusca 1300 ano 1974"},"content":{"rendered":"","protected":false},"excerpt":{"rendered":"<p>Fusca 1974<br \/>\n\u2022 Motor 1300<br \/>\n\u2022 Gasolina<br \/>\n\u2022 Vidros originais<br \/>\n\u2022 Rodas 5 furos<\/p>\n<ul>\n<li>Cor ocre maraj\u00f3<\/li>\n<li>pneus praticamente novos<\/li>\n<li>Cambio em perfeito estado<br \/>\n\u2022 Assoalhos, p\u00e9s de coluna, chap\u00e9u de napole\u00e3o em excelente estado<br \/>\n\u2022 Suspens\u00e3o em perfeito estado<br \/>\n\u2022 Liso de lata<\/li>\n<li>Pintura em perfeito estado<br \/>\n\u2022 interna toda feita nova (bancos, forra\u00e7\u00f5es laterais, teto, chiqueirinho, tamp\u00e3o traseiro<\/li>\n<li>Fechamento perfeito das portas<\/li>\n<li>Para choques em perfeito estado<\/li>\n<li>Carro igual por cima e por baixo.<br \/>\n\u2022 Carro sem podres em sem detalhes de funilaria<\/li>\n<li>Assoalhos zerados<\/li>\n<li>O carro j\u00e1 pode ser entregue com o certificado de originalidade para placas pretas caso o comprador queira.<\/li>\n<li>Estou em Mogi das Cruzes &#8211; SP<br \/>\n\u2022 Valor de R$ 25.900,00<\/li>\n<li>Parcelo em at\u00e9 18x no cart\u00e3o de Cr\u00e9dito com juros baixo da maquininha<\/li>\n<\/ul>\n<p>\u2022 SITE<br \/>\n\u2022 https:\/\/ggsveiculosantigos.com.br\/<\/p>\n<p>\u2022 TEL.\/ZAP: 11 2312-4596<\/p>\n","protected":false},"featured_media":6321,"template":"","meta":{"_joinchat":[]},"product_cat":[29],"product_tag":[],"_links":{"self":[{"href":"https:\/\/ggsveiculosantigos.com.br\/index.php?rest_route=\/wp\/v2\/product\/6313"}],"collection":[{"href":"https:\/\/ggsveiculosantigos.com.br\/index.php?rest_route=\/wp\/v2\/product"}],"about":[{"href":"https:\/\/ggsveiculosantigos.com.br\/index.php?rest_route=\/wp\/v2\/types\/product"}],"wp:featuredmedia":[{"embeddable":true,"href":"https:\/\/ggsveiculosantigos.com.br\/index.php?rest_route=\/wp\/v2\/media\/6321"}],"wp:attachment":[{"href":"https:\/\/ggsveiculosantigos.com.br\/index.php?rest_route=%2Fwp%2Fv2%2Fmedia&parent=6313"}],"wp:term":[{"taxonomy":"product_cat","embeddable":true,"href":"https:\/\/ggsveiculosantigos.com.br\/index.php?rest_route=%2Fwp%2Fv2%2Fproduct_cat&post=6313"},{"taxonomy":"product_tag","embeddable":true,"href":"https:\/\/ggsveiculosantigos.com.br\/index.php?rest_route=%2Fwp%2Fv2%2Fproduct_tag&post=6313"}],"curies":[{"name":"wp","href":"https:\/\/api.w.org\/{rel}","templated":true}]}}