{"id":6267,"date":"2026-05-04T16:50:46","date_gmt":"2026-05-04T19:50:46","guid":{"rendered":"https:\/\/ggsveiculosantigos.com.br\/?post_type=product&#038;p=6267"},"modified":"2026-05-04T17:55:34","modified_gmt":"2026-05-04T20:55:34","slug":"vectra-cd-93-94-completo-com-teto-solar","status":"publish","type":"product","link":"https:\/\/ggsveiculosantigos.com.br\/?product=vectra-cd-93-94-completo-com-teto-solar","title":{"rendered":"Vectra CD 93\/94 completo com teto solar"},"content":{"rendered":"","protected":false},"excerpt":{"rendered":"<p>Vectra CD 93\/94<\/p>\n<p>Motor 2.0 8 v\u00e1lvulas<\/p>\n<p>Placa preta<\/p>\n<p>C\u00e2mbio autom\u00e1tico<\/p>\n<p>Selado de frente e traseira<\/p>\n<p>Ve\u00edculo totalmente original<\/p>\n<p>Manual do propriet\u00e1rio, Chave reserva<\/p>\n<p>Todo hist\u00f3rico de manuten\u00e7\u00e3o praticamente desde zero comprovado pelas notas fiscais ao decorrer dos anos<\/p>\n<p>Ar condicionado gelando<\/p>\n<p>Revista de \u00e9poca de lan\u00e7amento do carro<\/p>\n<p>Teto solar funcionando perfeitamente<\/p>\n<p>Modo Sport funcionando<\/p>\n<p>Computador de bordo funcionando<\/p>\n<p>El\u00e9trica toda funcionando inclusive as luzes de neblina<\/p>\n<p>Interior completo original tudo em perfeito estado<\/p>\n<p>Far\u00f3is, Lanternas e seta originais<\/p>\n<p>O carro cheira a novo<\/p>\n<p>Vem pra GGS Garage aqui voc\u00ea pode!!!<\/p>\n<p>R$ 39.500,00<\/p>\n<p>Ve\u00edculo est\u00e1 em Mogi das Cruzes &#8211; SP<\/p>\n<p>SITE<\/p>\n<p><a href=\"https:\/\/ggsveiculosantigos.com.br\/\">https:\/\/ggsveiculosantigos.com.br\/<\/a><\/p>\n<p>Fone\/ZAP 11 2312-4596<\/p>\n<p>&nbsp;<\/p>\n","protected":false},"featured_media":6279,"template":"","meta":{"_joinchat":[]},"product_cat":[23],"product_tag":[],"_links":{"self":[{"href":"https:\/\/ggsveiculosantigos.com.br\/index.php?rest_route=\/wp\/v2\/product\/6267"}],"collection":[{"href":"https:\/\/ggsveiculosantigos.com.br\/index.php?rest_route=\/wp\/v2\/product"}],"about":[{"href":"https:\/\/ggsveiculosantigos.com.br\/index.php?rest_route=\/wp\/v2\/types\/product"}],"wp:featuredmedia":[{"embeddable":true,"href":"https:\/\/ggsveiculosantigos.com.br\/index.php?rest_route=\/wp\/v2\/media\/6279"}],"wp:attachment":[{"href":"https:\/\/ggsveiculosantigos.com.br\/index.php?rest_route=%2Fwp%2Fv2%2Fmedia&parent=6267"}],"wp:term":[{"taxonomy":"product_cat","embeddable":true,"href":"https:\/\/ggsveiculosantigos.com.br\/index.php?rest_route=%2Fwp%2Fv2%2Fproduct_cat&post=6267"},{"taxonomy":"product_tag","embeddable":true,"href":"https:\/\/ggsveiculosantigos.com.br\/index.php?rest_route=%2Fwp%2Fv2%2Fproduct_tag&post=6267"}],"curies":[{"name":"wp","href":"https:\/\/api.w.org\/{rel}","templated":true}]}}