{"id":6193,"date":"2026-04-29T15:33:25","date_gmt":"2026-04-29T18:33:25","guid":{"rendered":"https:\/\/ggsveiculosantigos.com.br\/?post_type=product&#038;p=6193"},"modified":"2026-04-29T15:33:25","modified_gmt":"2026-04-29T18:33:25","slug":"pailo-elx-00-versao-5-estrelas-completo","status":"publish","type":"product","link":"https:\/\/ggsveiculosantigos.com.br\/?product=pailo-elx-00-versao-5-estrelas-completo","title":{"rendered":"Pailo ELX 00 vers\u00e3o 5 estrelas completo"},"content":{"rendered":"","protected":false},"excerpt":{"rendered":"<p>P\u00e1lio ELX vers\u00e3o 5 estrelas (s\u00f3 fabricado esse ano)<\/p>\n<p>Completo de tudo<\/p>\n<p>Ar condicionado gelando<\/p>\n<p>Dire\u00e7\u00e3o hidr\u00e1ulica<\/p>\n<p>Vidros el\u00e9tricos<\/p>\n<p>Travas el\u00e9tricas<\/p>\n<p>Alarme funcionando<\/p>\n<p>Motor 1.0<\/p>\n<p>Gasolina<\/p>\n<p>Com apenas 133.000 kms<\/p>\n<p>Selado de frente e traseira (o carro tem todas as marcas de tinta de fabrica ainda)<\/p>\n<p>Etiquetas de papel ainda no chicote do motor<\/p>\n<p>Liso de lata<\/p>\n<p>Forra\u00e7\u00e3o de portas em perfeito estado azuis<\/p>\n<p>Forra\u00e7\u00e3o de teto perfeita<\/p>\n<p>Bancos perfeitos azuis aveludados lindos<\/p>\n<p><strong>Diferenciais:<\/strong>\u00a0Vinha com rodas de liga leve aro 14, far\u00f3is de neblina, para-choques e espelhos na cor da carroceria, al\u00e9m de um acabamento interno diferenciado com bel\u00edssimos bancos e forra\u00e7\u00f5es azuis<\/p>\n<p>Vem pra GGS Garage aqui voc\u00ea pode!!!<\/p>\n<p>R$ 28.500,00<\/p>\n<p>* Parcelo em at\u00e9 18x no cart\u00e3o de Cr\u00e9dito com juros baixos da maquina<\/p>\n<p>* Ve\u00edculo est\u00e1 em Mogi das Cruzes &#8211; SP<\/p>\n<p>* SITE<\/p>\n<p>* https:\/\/ggsveiculosantigos.com.br\/<\/p>\n<p>* TEL.\/ZAP: 11 2312-4596<\/p>\n","protected":false},"featured_media":6199,"template":"","meta":{"_joinchat":[]},"product_cat":[25],"product_tag":[],"_links":{"self":[{"href":"https:\/\/ggsveiculosantigos.com.br\/index.php?rest_route=\/wp\/v2\/product\/6193"}],"collection":[{"href":"https:\/\/ggsveiculosantigos.com.br\/index.php?rest_route=\/wp\/v2\/product"}],"about":[{"href":"https:\/\/ggsveiculosantigos.com.br\/index.php?rest_route=\/wp\/v2\/types\/product"}],"wp:featuredmedia":[{"embeddable":true,"href":"https:\/\/ggsveiculosantigos.com.br\/index.php?rest_route=\/wp\/v2\/media\/6199"}],"wp:attachment":[{"href":"https:\/\/ggsveiculosantigos.com.br\/index.php?rest_route=%2Fwp%2Fv2%2Fmedia&parent=6193"}],"wp:term":[{"taxonomy":"product_cat","embeddable":true,"href":"https:\/\/ggsveiculosantigos.com.br\/index.php?rest_route=%2Fwp%2Fv2%2Fproduct_cat&post=6193"},{"taxonomy":"product_tag","embeddable":true,"href":"https:\/\/ggsveiculosantigos.com.br\/index.php?rest_route=%2Fwp%2Fv2%2Fproduct_tag&post=6193"}],"curies":[{"name":"wp","href":"https:\/\/api.w.org\/{rel}","templated":true}]}}