{"id":6161,"date":"2026-04-29T14:34:59","date_gmt":"2026-04-29T17:34:59","guid":{"rendered":"https:\/\/ggsveiculosantigos.com.br\/?post_type=product&#038;p=6161"},"modified":"2026-04-29T14:34:59","modified_gmt":"2026-04-29T17:34:59","slug":"gol-gl-1993-vermelho-colorado-completo","status":"publish","type":"product","link":"https:\/\/ggsveiculosantigos.com.br\/?product=gol-gl-1993-vermelho-colorado-completo","title":{"rendered":"Gol GL 1993 vermelho colorado completo"},"content":{"rendered":"","protected":false},"excerpt":{"rendered":"<p>GOL GL 1993 Vermelho colorado<\/p>\n<p>Completo de tudo<\/p>\n<p>Ar condicionado gelando<\/p>\n<p>Dire\u00e7\u00e3o hidr\u00e1ulica<\/p>\n<p>Vidros el\u00e9tricos<\/p>\n<p>Travas el\u00e9tricas<\/p>\n<p>Alarme funcionando<\/p>\n<p>Motor 1.8 AP<\/p>\n<p>\u00c1lcool<\/p>\n<p>4 pneus em estado de novos<\/p>\n<p>Selado de frente e traseira<\/p>\n<p>Impec\u00e1vel de pintura<\/p>\n<p>Forra\u00e7\u00e3o de portas em perfeito estado<\/p>\n<p>Forra\u00e7\u00e3o de teto perfeita<\/p>\n<p>Bancos perfeitos<\/p>\n<p>C\u00e2mbio 5 marchas<\/p>\n<p>Liso de lata<\/p>\n<p>Gol GL completo nesse estado \u00e9 dif\u00edcil de se achar<\/p>\n<p>Carro com vistoria cautelar aprovada<\/p>\n<p>Vem pra GGS Garage aqui voc\u00ea pode!!!<\/p>\n<p>R$ 45.900,00<\/p>\n<p>J\u00e1 posso enviar com o certificado para as placas pretas!<\/p>\n<p>* Parcelo em at\u00e9 18x no cart\u00e3o de Cr\u00e9dito com juros baixos da maquina<\/p>\n<p>* Ve\u00edculo est\u00e1 em Mogi das Cruzes &#8211; SP<\/p>\n<p>* SITE<\/p>\n<p>* https:\/\/ggsveiculosantigos.com.br\/<\/p>\n<p>* TEL.\/ZAP: 11 2312-4596\u2022<\/p>\n","protected":false},"featured_media":6179,"template":"","meta":{"_joinchat":[]},"product_cat":[29],"product_tag":[],"_links":{"self":[{"href":"https:\/\/ggsveiculosantigos.com.br\/index.php?rest_route=\/wp\/v2\/product\/6161"}],"collection":[{"href":"https:\/\/ggsveiculosantigos.com.br\/index.php?rest_route=\/wp\/v2\/product"}],"about":[{"href":"https:\/\/ggsveiculosantigos.com.br\/index.php?rest_route=\/wp\/v2\/types\/product"}],"wp:featuredmedia":[{"embeddable":true,"href":"https:\/\/ggsveiculosantigos.com.br\/index.php?rest_route=\/wp\/v2\/media\/6179"}],"wp:attachment":[{"href":"https:\/\/ggsveiculosantigos.com.br\/index.php?rest_route=%2Fwp%2Fv2%2Fmedia&parent=6161"}],"wp:term":[{"taxonomy":"product_cat","embeddable":true,"href":"https:\/\/ggsveiculosantigos.com.br\/index.php?rest_route=%2Fwp%2Fv2%2Fproduct_cat&post=6161"},{"taxonomy":"product_tag","embeddable":true,"href":"https:\/\/ggsveiculosantigos.com.br\/index.php?rest_route=%2Fwp%2Fv2%2Fproduct_tag&post=6161"}],"curies":[{"name":"wp","href":"https:\/\/api.w.org\/{rel}","templated":true}]}}