{"id":6099,"date":"2026-04-27T19:47:46","date_gmt":"2026-04-27T22:47:46","guid":{"rendered":"https:\/\/ggsveiculosantigos.com.br\/?post_type=product&#038;p=6099"},"modified":"2026-04-27T19:47:46","modified_gmt":"2026-04-27T22:47:46","slug":"santana-2000-prata-00","status":"publish","type":"product","link":"https:\/\/ggsveiculosantigos.com.br\/?product=santana-2000-prata-00","title":{"rendered":"Santana 2000 Prata 00"},"content":{"rendered":"","protected":false},"excerpt":{"rendered":"<ul>\n<li>VW\/Santana 2000 completo<\/li>\n<li>interna toda em couro<\/li>\n<li>Ar condicionado gelando demais<\/li>\n<li>dire\u00e7\u00e3o hidr\u00e1ulica<\/li>\n<li>vidros el\u00e9tricos<\/li>\n<li>travas el\u00e9tricas<\/li>\n<li>retrovisores el\u00e9tricos<\/li>\n<li>Motor AP 2.0 gasolina<\/li>\n<li>Manual do propriet\u00e1rio e chave reserva<\/li>\n<li>Laudo cautelar aprovado<\/li>\n<li>todos os vidros originais<\/li>\n<li>Carro zerado de lata selado de frente e traseira<\/li>\n<li>Pintura original em quase sua totalidade<\/li>\n<li>todas as grafias internas de painel e bot\u00f5es do jeito que sa\u00edram de fabrica (sem desgastes)<\/li>\n<li>far\u00f3is, setas, lanternas, milhas todos originais<\/li>\n<li>Forra\u00e7\u00f5es de portas em \u00f3timo estado<\/li>\n<li>Forra\u00e7\u00e3o de teto em \u00f3timo estado (em estado de zero)<\/li>\n<li>Bancos em couro em \u00f3timo estado<\/li>\n<li>El\u00e9trica funciona toda<\/li>\n<li>Mec\u00e2nica em \u00f3timo estado<\/li>\n<li>carro muito, mas muito acima da m\u00e9dia doque se encontra por ai<\/li>\n<li>com apenas 120.000 kms originais<\/li>\n<li>Comprar e curtir<\/li>\n<li>Valor R$ 41.000,00<br \/>\n\u2022 Parcelamos at\u00e9 18x no cart\u00e3o de Cr\u00e9dito com juros baixos da m\u00e1quina.<\/li>\n<li>Acompanhe nosso estoque atrav\u00e9s do site:<\/li>\n<li><a href=\"https:\/\/ggsveiculosantigos.com.br\/\">https:\/\/ggsveiculosantigos.com.br\/<\/a><\/li>\n<\/ul>\n<p>&nbsp;<\/p>\n<ul>\n<li>TEL.\/ZAP: 11 2312-4596<\/li>\n<\/ul>\n","protected":false},"featured_media":6100,"template":"","meta":{"_joinchat":[]},"product_cat":[29],"product_tag":[],"_links":{"self":[{"href":"https:\/\/ggsveiculosantigos.com.br\/index.php?rest_route=\/wp\/v2\/product\/6099"}],"collection":[{"href":"https:\/\/ggsveiculosantigos.com.br\/index.php?rest_route=\/wp\/v2\/product"}],"about":[{"href":"https:\/\/ggsveiculosantigos.com.br\/index.php?rest_route=\/wp\/v2\/types\/product"}],"wp:featuredmedia":[{"embeddable":true,"href":"https:\/\/ggsveiculosantigos.com.br\/index.php?rest_route=\/wp\/v2\/media\/6100"}],"wp:attachment":[{"href":"https:\/\/ggsveiculosantigos.com.br\/index.php?rest_route=%2Fwp%2Fv2%2Fmedia&parent=6099"}],"wp:term":[{"taxonomy":"product_cat","embeddable":true,"href":"https:\/\/ggsveiculosantigos.com.br\/index.php?rest_route=%2Fwp%2Fv2%2Fproduct_cat&post=6099"},{"taxonomy":"product_tag","embeddable":true,"href":"https:\/\/ggsveiculosantigos.com.br\/index.php?rest_route=%2Fwp%2Fv2%2Fproduct_tag&post=6099"}],"curies":[{"name":"wp","href":"https:\/\/api.w.org\/{rel}","templated":true}]}}