{"id":6010,"date":"2026-04-16T17:29:40","date_gmt":"2026-04-16T20:29:40","guid":{"rendered":"https:\/\/ggsveiculosantigos.com.br\/?post_type=product&#038;p=6010"},"modified":"2026-04-17T16:00:32","modified_gmt":"2026-04-17T19:00:32","slug":"parati-gl-91","status":"publish","type":"product","link":"https:\/\/ggsveiculosantigos.com.br\/?product=parati-gl-91","title":{"rendered":"Parati GL 91"},"content":{"rendered":"","protected":false},"excerpt":{"rendered":"<p>Parati GL 91<\/p>\n<p>Carro todo original<\/p>\n<p>Manual do propriet\u00e1rio<\/p>\n<p>Chave reserva<\/p>\n<p>Motor 1.8<\/p>\n<p>Gasolina<\/p>\n<p>Far\u00f3is originais Cibi\u00e9<\/p>\n<p>Lanternas originais<\/p>\n<p>Forra\u00e7\u00e3o de portas em perfeito estado originais<\/p>\n<p>Forra\u00e7\u00e3o de teto original<\/p>\n<p>Bancos originais perfeito (sem trincas)<\/p>\n<p>C\u00e2mbio 5 marchas<\/p>\n<p>Perfeita de lataria e pintura<\/p>\n<p>Selada de frente e traseira<\/p>\n<p>Zerada de andar<\/p>\n<p>Vai no porta malas as barras do bagageiro originais<\/p>\n<p>Segue junto varias notas de manuten\u00e7\u00f5es feitas recentemente mais de R$ 9.000,00<\/p>\n<p>Vem pra GGS Garage aqui voc\u00ea pode!!!<\/p>\n<p>R$ 35.000,00<\/p>\n<p>J\u00e1 posso enviar com o certificado para as placas pretas!<\/p>\n<p>* Parcelo em at\u00e9 18x no cart\u00e3o de Cr\u00e9dito com juros baixos da maquina<\/p>\n<p>* Ve\u00edculo est\u00e1 em Mogi das Cruzes &#8211; SP<\/p>\n<p>* SITE<\/p>\n<p>* https:\/\/ggsveiculosantigos.com.br\/<\/p>\n<p>* TEL.\/ZAP: 11 2312-4596\u2022<\/p>\n","protected":false},"featured_media":6048,"template":"","meta":{"_joinchat":[]},"product_cat":[29],"product_tag":[],"_links":{"self":[{"href":"https:\/\/ggsveiculosantigos.com.br\/index.php?rest_route=\/wp\/v2\/product\/6010"}],"collection":[{"href":"https:\/\/ggsveiculosantigos.com.br\/index.php?rest_route=\/wp\/v2\/product"}],"about":[{"href":"https:\/\/ggsveiculosantigos.com.br\/index.php?rest_route=\/wp\/v2\/types\/product"}],"wp:featuredmedia":[{"embeddable":true,"href":"https:\/\/ggsveiculosantigos.com.br\/index.php?rest_route=\/wp\/v2\/media\/6048"}],"wp:attachment":[{"href":"https:\/\/ggsveiculosantigos.com.br\/index.php?rest_route=%2Fwp%2Fv2%2Fmedia&parent=6010"}],"wp:term":[{"taxonomy":"product_cat","embeddable":true,"href":"https:\/\/ggsveiculosantigos.com.br\/index.php?rest_route=%2Fwp%2Fv2%2Fproduct_cat&post=6010"},{"taxonomy":"product_tag","embeddable":true,"href":"https:\/\/ggsveiculosantigos.com.br\/index.php?rest_route=%2Fwp%2Fv2%2Fproduct_tag&post=6010"}],"curies":[{"name":"wp","href":"https:\/\/api.w.org\/{rel}","templated":true}]}}