{"id":5966,"date":"2026-04-15T16:02:05","date_gmt":"2026-04-15T19:02:05","guid":{"rendered":"https:\/\/ggsveiculosantigos.com.br\/?post_type=product&#038;p=5966"},"modified":"2026-04-15T16:02:05","modified_gmt":"2026-04-15T19:02:05","slug":"brasilia-1980","status":"publish","type":"product","link":"https:\/\/ggsveiculosantigos.com.br\/?product=brasilia-1980","title":{"rendered":"Brasilia 1980"},"content":{"rendered":"","protected":false},"excerpt":{"rendered":"<ul>\n<li>Bras\u00edlia 1980<\/li>\n<li>Carro com manual do propriet\u00e1rio e chave reserva<\/li>\n<li>varias notas de revis\u00f5es feitas<br \/>\n\u2022 Motor 1600 dupla carbura\u00e7\u00e3o<br \/>\n\u2022 Gasolina<br \/>\n\u2022 Vidros todos originais<\/li>\n<li>Far\u00f3is originais<br \/>\n\u2022 Rodas todas originais datadas<\/li>\n<li>pneus todos novos<\/li>\n<li>Motor, c\u00e2mbio, mec\u00e2nica em geral em excelente estado.<\/li>\n<li>Revisada a poucos dias<br \/>\n\u2022 Assoalhos, p\u00e9s de coluna, chap\u00e9u de napole\u00e3o em excelente estado<br \/>\n\u2022 Suspens\u00e3o em perfeito estado<br \/>\n\u2022 Boa de lata<\/li>\n<li>Pintura em bom estado (com pequenos detalhes de uso)<br \/>\n\u2022 interna geral em perfeito estado<\/li>\n<li>Fechamento perfeito das portas<\/li>\n<li>Para choques em perfeito estado<\/li>\n<li>Carro igual por cima e por baixo.<br \/>\n\u2022 Veiculo honesto com pre\u00e7o justo<\/li>\n<li>O carro j\u00e1 pode ser entregue com o certificado de originalidade para placas pretas caso o comprador queira.<\/li>\n<li>Estou em Mogi das Cruzes &#8211; SP<br \/>\n\u2022 Valor de R$ 26.500,00<\/li>\n<\/ul>\n<p>Parcelo em at\u00e9 18x no cart\u00e3o de Cr\u00e9dito com juros da maquininha<\/p>\n<ul>\n<li>\nSITE<br \/>\n\u2022 https:\/\/ggsveiculosantigos.com.br\/<\/p>\n<p>\u2022 TEL.\/ZAP: 11 2312-4596<\/li>\n<\/ul>\n","protected":false},"featured_media":6009,"template":"","meta":{"_joinchat":[]},"product_cat":[29],"product_tag":[],"_links":{"self":[{"href":"https:\/\/ggsveiculosantigos.com.br\/index.php?rest_route=\/wp\/v2\/product\/5966"}],"collection":[{"href":"https:\/\/ggsveiculosantigos.com.br\/index.php?rest_route=\/wp\/v2\/product"}],"about":[{"href":"https:\/\/ggsveiculosantigos.com.br\/index.php?rest_route=\/wp\/v2\/types\/product"}],"wp:featuredmedia":[{"embeddable":true,"href":"https:\/\/ggsveiculosantigos.com.br\/index.php?rest_route=\/wp\/v2\/media\/6009"}],"wp:attachment":[{"href":"https:\/\/ggsveiculosantigos.com.br\/index.php?rest_route=%2Fwp%2Fv2%2Fmedia&parent=5966"}],"wp:term":[{"taxonomy":"product_cat","embeddable":true,"href":"https:\/\/ggsveiculosantigos.com.br\/index.php?rest_route=%2Fwp%2Fv2%2Fproduct_cat&post=5966"},{"taxonomy":"product_tag","embeddable":true,"href":"https:\/\/ggsveiculosantigos.com.br\/index.php?rest_route=%2Fwp%2Fv2%2Fproduct_tag&post=5966"}],"curies":[{"name":"wp","href":"https:\/\/api.w.org\/{rel}","templated":true}]}}