{"id":5924,"date":"2026-04-14T18:42:41","date_gmt":"2026-04-14T21:42:41","guid":{"rendered":"https:\/\/ggsveiculosantigos.com.br\/?post_type=product&#038;p=5924"},"modified":"2026-04-14T18:42:42","modified_gmt":"2026-04-14T21:42:42","slug":"pailo-ex-99-verde","status":"publish","type":"product","link":"https:\/\/ggsveiculosantigos.com.br\/?product=pailo-ex-99-verde","title":{"rendered":"Pailo EX 99 Verde"},"content":{"rendered":"","protected":false},"excerpt":{"rendered":"<ul>\n<li>Palio EX 1999<\/li>\n<li>Motor 1.0 gasolina<\/li>\n<li>carro econ\u00f4mico e mec\u00e2nica confi\u00e1vel<\/li>\n<li>todo original (colecion\u00e1vel)<\/li>\n<li>Carro com manual do propriet\u00e1rio<\/li>\n<li>Chave reserva<\/li>\n<li>radio original Fiat<\/li>\n<li>Far\u00f3is originais<\/li>\n<li>Lanternas originais<\/li>\n<li>Retrovisores originais<\/li>\n<li>Interna impec\u00e1vel toda original azul<\/li>\n<li>Bancos Impec\u00e1veis todos originais<\/li>\n<li>roda como carro novo na estrada e na cidade<\/li>\n<li>Forra\u00e7\u00e3o de portas impec\u00e1veis originais<\/li>\n<li>bancos impec\u00e1veis<\/li>\n<li>selado de frente e traseira<\/li>\n<li>Carro 100% lindo<\/li>\n<li>com apenas 124.000kms<\/li>\n<li>Lisa de lata<\/li>\n<li>Tape\u00e7aria perfeita, impec\u00e1vel<\/li>\n<li>Valor R$ 24.500,00<\/li>\n<li>Parcelo em at\u00e9 18x no cart\u00e3o de Cr\u00e9dito com juros baixos da maquina<\/li>\n<li>Veiculo est\u00e1 em Mogi das Cruzes &#8211; SP<\/li>\n<li>INSTAGRAM<\/li>\n<li>SITE<\/li>\n<li><a href=\"https:\/\/ggsveiculosantigos.com.br\/\">https:\/\/ggsveiculosantigos.com.br\/<\/a><\/li>\n<li>TEL.\/ZAP: 11 2312-4596<\/li>\n<\/ul>\n","protected":false},"featured_media":5950,"template":"","meta":{"_joinchat":[]},"product_cat":[25],"product_tag":[],"_links":{"self":[{"href":"https:\/\/ggsveiculosantigos.com.br\/index.php?rest_route=\/wp\/v2\/product\/5924"}],"collection":[{"href":"https:\/\/ggsveiculosantigos.com.br\/index.php?rest_route=\/wp\/v2\/product"}],"about":[{"href":"https:\/\/ggsveiculosantigos.com.br\/index.php?rest_route=\/wp\/v2\/types\/product"}],"wp:featuredmedia":[{"embeddable":true,"href":"https:\/\/ggsveiculosantigos.com.br\/index.php?rest_route=\/wp\/v2\/media\/5950"}],"wp:attachment":[{"href":"https:\/\/ggsveiculosantigos.com.br\/index.php?rest_route=%2Fwp%2Fv2%2Fmedia&parent=5924"}],"wp:term":[{"taxonomy":"product_cat","embeddable":true,"href":"https:\/\/ggsveiculosantigos.com.br\/index.php?rest_route=%2Fwp%2Fv2%2Fproduct_cat&post=5924"},{"taxonomy":"product_tag","embeddable":true,"href":"https:\/\/ggsveiculosantigos.com.br\/index.php?rest_route=%2Fwp%2Fv2%2Fproduct_tag&post=5924"}],"curies":[{"name":"wp","href":"https:\/\/api.w.org\/{rel}","templated":true}]}}