{"id":5868,"date":"2026-04-13T12:12:18","date_gmt":"2026-04-13T15:12:18","guid":{"rendered":"https:\/\/ggsveiculosantigos.com.br\/?post_type=product&#038;p=5868"},"modified":"2026-04-13T12:12:18","modified_gmt":"2026-04-13T15:12:18","slug":"fiat-marea-05-1-6-16-valvulas","status":"publish","type":"product","link":"https:\/\/ggsveiculosantigos.com.br\/?product=fiat-marea-05-1-6-16-valvulas","title":{"rendered":"Fiat Marea 05 1.6 16 V\u00e1lvulas"},"content":{"rendered":"","protected":false},"excerpt":{"rendered":"<p><img src=\"blob:https:\/\/web.whatsapp.com\/5841eb66-b78f-4089-be16-2df8e3fdc291\" \/><\/p>\n<ul>\n<li>Fiat Marea 05 prata<\/li>\n<li>Motor 1.6 16 V 4 cilindros Hi-Torque<\/li>\n<li>carro econ\u00f4mico e mec\u00e2nica confi\u00e1vel<\/li>\n<li>todo revisado (gasto mais de R$ 10.000,00 em manuten\u00e7\u00f5es preventivas<\/li>\n<li>Carro com manual do propriet\u00e1rio<\/li>\n<li>Nota fiscal de fabrica<\/li>\n<li>todas as notas de manuten\u00e7\u00f5es desde zero km<\/li>\n<li>radio com conect car nokia (original de fabrica)<\/li>\n<li>Far\u00f3is originais<\/li>\n<li>Lanternas Originais<\/li>\n<li>Interna impec\u00e1vel toda original azul<\/li>\n<li>Bancos Impec\u00e1veis todos originais<\/li>\n<li>roda como carro novo na estrada e na cidade<\/li>\n<li>Forra\u00e7\u00e3o de portas impec\u00e1veis originais<\/li>\n<li>bancos impec\u00e1veis<\/li>\n<li>selada de frente e traseira<\/li>\n<li>Carro 100% lindo<\/li>\n<li>Lisa de lata<\/li>\n<li>Tape\u00e7aria perfeita, impec\u00e1vel<\/li>\n<li>Valor R$ 49.900,00<\/li>\n<li>Parcelo em at\u00e9 18x no cart\u00e3o de Cr\u00e9dito com juros baixos da maquina<\/li>\n<li>Veiculo est\u00e1 em Mogi das Cruzes &#8211; SP<\/li>\n<li>INSTAGRAM<\/li>\n<li>SITE<\/li>\n<li><a href=\"https:\/\/ggsveiculosantigos.com.br\/\">https:\/\/ggsveiculosantigos.com.br\/<\/a><\/li>\n<li>TEL.\/ZAP: 11 2312-4596<\/li>\n<\/ul>\n","protected":false},"featured_media":5905,"template":"","meta":{"_joinchat":[]},"product_cat":[25],"product_tag":[],"_links":{"self":[{"href":"https:\/\/ggsveiculosantigos.com.br\/index.php?rest_route=\/wp\/v2\/product\/5868"}],"collection":[{"href":"https:\/\/ggsveiculosantigos.com.br\/index.php?rest_route=\/wp\/v2\/product"}],"about":[{"href":"https:\/\/ggsveiculosantigos.com.br\/index.php?rest_route=\/wp\/v2\/types\/product"}],"wp:featuredmedia":[{"embeddable":true,"href":"https:\/\/ggsveiculosantigos.com.br\/index.php?rest_route=\/wp\/v2\/media\/5905"}],"wp:attachment":[{"href":"https:\/\/ggsveiculosantigos.com.br\/index.php?rest_route=%2Fwp%2Fv2%2Fmedia&parent=5868"}],"wp:term":[{"taxonomy":"product_cat","embeddable":true,"href":"https:\/\/ggsveiculosantigos.com.br\/index.php?rest_route=%2Fwp%2Fv2%2Fproduct_cat&post=5868"},{"taxonomy":"product_tag","embeddable":true,"href":"https:\/\/ggsveiculosantigos.com.br\/index.php?rest_route=%2Fwp%2Fv2%2Fproduct_tag&post=5868"}],"curies":[{"name":"wp","href":"https:\/\/api.w.org\/{rel}","templated":true}]}}