{"id":5653,"date":"2026-03-27T18:39:46","date_gmt":"2026-03-27T21:39:46","guid":{"rendered":"https:\/\/ggsveiculosantigos.com.br\/?post_type=product&#038;p=5653"},"modified":"2026-03-27T18:39:47","modified_gmt":"2026-03-27T21:39:47","slug":"passat-4m","status":"publish","type":"product","link":"https:\/\/ggsveiculosantigos.com.br\/?product=passat-4m","title":{"rendered":"Passat 4M"},"content":{"rendered":"","protected":false},"excerpt":{"rendered":"<ul>\n<li>\nPassat 4M 1978 (rar\u00edssimo s\u00f3 produzidas 1000 unidades)<\/li>\n<li>Motor 1.5 MD original<\/li>\n<li>cambio 4 marchas<br \/>\n\u2022 gasolina<\/li>\n<li>Vidros originais<\/li>\n<li>Far\u00f3is cibi\u00e9 originais.<\/li>\n<li>Lanternas traseiras originais<\/li>\n<li>Setas dianteiras originais<\/li>\n<li>Interna monocrom\u00e1tica<\/li>\n<li>Forra\u00e7\u00e3o de teto impec\u00e1vel<\/li>\n<li>Rodas originais<\/li>\n<li>Pneus em \u00f3timo estado<\/li>\n<li>Liso e alinhado de lata<\/li>\n<li>muito bom de andar<\/li>\n<li>Corre sen\u00e3o perde (talvez esse seja o \u00fanico anuncio de passat 4M que vc ver\u00e1 na vida<\/li>\n<li>Trata-se de um Passat modelo 4 M, ve\u00edculo produzido apenas 1000 unidades em 1977\/1978 em comemora\u00e7\u00e3o a 4.000.000 de VW fabricados no Brasil (hoje s\u00f3 existem uma meia d\u00fazia destes)<\/li>\n<li>Valor R$ 55.000,00<\/li>\n<li>Posso enviar com o certificado j\u00e1 para as placas pretas<br \/>\n\u2022 Parcelamos at\u00e9 18x no cart\u00e3o de Cr\u00e9dito<\/li>\n<li>Estamos em Mogi das Cruzes &#8211; SP<\/li>\n<li>SITE<\/li>\n<li><a href=\"https:\/\/ggsveiculosantigos.com.br\/\">https:\/\/ggsveiculosantigos.com.br\/<\/a><\/li>\n<\/ul>\n<p>&nbsp;<\/p>\n<ul>\n<li>TEL.\/ZAP: 11 2312-4596<\/li>\n<\/ul>\n","protected":false},"featured_media":5678,"template":"","meta":{"_joinchat":[]},"product_cat":[29],"product_tag":[],"_links":{"self":[{"href":"https:\/\/ggsveiculosantigos.com.br\/index.php?rest_route=\/wp\/v2\/product\/5653"}],"collection":[{"href":"https:\/\/ggsveiculosantigos.com.br\/index.php?rest_route=\/wp\/v2\/product"}],"about":[{"href":"https:\/\/ggsveiculosantigos.com.br\/index.php?rest_route=\/wp\/v2\/types\/product"}],"wp:featuredmedia":[{"embeddable":true,"href":"https:\/\/ggsveiculosantigos.com.br\/index.php?rest_route=\/wp\/v2\/media\/5678"}],"wp:attachment":[{"href":"https:\/\/ggsveiculosantigos.com.br\/index.php?rest_route=%2Fwp%2Fv2%2Fmedia&parent=5653"}],"wp:term":[{"taxonomy":"product_cat","embeddable":true,"href":"https:\/\/ggsveiculosantigos.com.br\/index.php?rest_route=%2Fwp%2Fv2%2Fproduct_cat&post=5653"},{"taxonomy":"product_tag","embeddable":true,"href":"https:\/\/ggsveiculosantigos.com.br\/index.php?rest_route=%2Fwp%2Fv2%2Fproduct_tag&post=5653"}],"curies":[{"name":"wp","href":"https:\/\/api.w.org\/{rel}","templated":true}]}}