{"id":5627,"date":"2026-03-17T17:38:33","date_gmt":"2026-03-17T20:38:33","guid":{"rendered":"https:\/\/ggsveiculosantigos.com.br\/?post_type=product&#038;p=5627"},"modified":"2026-03-17T17:38:34","modified_gmt":"2026-03-17T20:38:34","slug":"passat-lse-86-iraquiano-prata","status":"publish","type":"product","link":"https:\/\/ggsveiculosantigos.com.br\/?product=passat-lse-86-iraquiano-prata","title":{"rendered":"Passat LSE 86 Iraquiano Prata"},"content":{"rendered":"","protected":false},"excerpt":{"rendered":"<ul>\n<li>Passat LSE 86 Iraquiano (prata)<\/li>\n<li>Ar condicionado original gelando muito<\/li>\n<li>Carro com manual do propriet\u00e1rio e chave reserva<\/li>\n<li>Mec\u00e2nica motor, c\u00e2mbio, suspens\u00e3o, freios tudo em perfeito estado<br \/>\n\u2022 gasolina<br \/>\n\u2022 Vidros todos originais<\/li>\n<li>Interna vermelha original em perfeito estado<\/li>\n<li>Forra\u00e7\u00e3o de teto original<\/li>\n<li>Bancos em perfeito estado<\/li>\n<li>Forra\u00e7\u00e3o de portas originais<\/li>\n<li>rel\u00f3gios (man\u00f4metros) funcionando\n<p>\u2022 rodas originais<\/li>\n<li>Zero de andar, n\u00e3o bate nada.<\/li>\n<li>Carro maravilhoso nessa rara cor prata<\/li>\n<li>Valor R$ 41.500,00<\/li>\n<li>Rara vers\u00e3o LSE (feito para o Iraque) por isso o apelido de Iraquiano<\/li>\n<li>Parcelo em at\u00e9 18x no cart\u00e3o de Cr\u00e9dito com juros baixo da maquina<\/li>\n<li>Ve\u00edculo totalmente apto as placas pretas, j\u00e1 posso enviar com o certificado de cole\u00e7\u00e3o e na transfer\u00eancia para o nome do novo propriet\u00e1rio j\u00e1 sai como veiculo de cole\u00e7\u00e3o<\/li>\n<li>Veiculo est\u00e1 em Mogi das Cruzes &#8211; SP<\/li>\n<li>INSTAGRAM<\/li>\n<li>SITE<\/li>\n<li><a href=\"https:\/\/ggsveiculosantigos.com.br\/\">https:\/\/ggsveiculosantigos.com.br\/<\/a><\/li>\n<li>TEL.\/ZAP: 11 2312-4596<\/li>\n<\/ul>\n","protected":false},"featured_media":5637,"template":"","meta":{"_joinchat":[]},"product_cat":[29],"product_tag":[],"_links":{"self":[{"href":"https:\/\/ggsveiculosantigos.com.br\/index.php?rest_route=\/wp\/v2\/product\/5627"}],"collection":[{"href":"https:\/\/ggsveiculosantigos.com.br\/index.php?rest_route=\/wp\/v2\/product"}],"about":[{"href":"https:\/\/ggsveiculosantigos.com.br\/index.php?rest_route=\/wp\/v2\/types\/product"}],"wp:featuredmedia":[{"embeddable":true,"href":"https:\/\/ggsveiculosantigos.com.br\/index.php?rest_route=\/wp\/v2\/media\/5637"}],"wp:attachment":[{"href":"https:\/\/ggsveiculosantigos.com.br\/index.php?rest_route=%2Fwp%2Fv2%2Fmedia&parent=5627"}],"wp:term":[{"taxonomy":"product_cat","embeddable":true,"href":"https:\/\/ggsveiculosantigos.com.br\/index.php?rest_route=%2Fwp%2Fv2%2Fproduct_cat&post=5627"},{"taxonomy":"product_tag","embeddable":true,"href":"https:\/\/ggsveiculosantigos.com.br\/index.php?rest_route=%2Fwp%2Fv2%2Fproduct_tag&post=5627"}],"curies":[{"name":"wp","href":"https:\/\/api.w.org\/{rel}","templated":true}]}}