{"id":5427,"date":"2026-02-26T11:24:21","date_gmt":"2026-02-26T14:24:21","guid":{"rendered":"https:\/\/ggsveiculosantigos.com.br\/?post_type=product&#038;p=5427"},"modified":"2026-02-26T11:24:21","modified_gmt":"2026-02-26T14:24:21","slug":"caravan-comodoro-1985-prata","status":"publish","type":"product","link":"https:\/\/ggsveiculosantigos.com.br\/?product=caravan-comodoro-1985-prata","title":{"rendered":"Caravan Comodoro 1985 prata"},"content":{"rendered":"","protected":false},"excerpt":{"rendered":"<p>Caravan Comodoro 1985<\/p>\n<p>Dire\u00e7\u00e3o hidr\u00e1ulica<\/p>\n<p>Vidros el\u00e9tricos<\/p>\n<p>Cor Prata Lunar<\/p>\n<p>Motor 4cc<\/p>\n<p>\u00c1lcool<\/p>\n<p>4 pneus em excelente estado<\/p>\n<p>Far\u00f3is originais cibi\u00e9<\/p>\n<p>Vidros originais<\/p>\n<p>Forra\u00e7\u00e3o de portas em perfeito estado originais<\/p>\n<p>Forra\u00e7\u00e3o de teto original<\/p>\n<p>Bancos originais sem detalhes<\/p>\n<p>Limpador e desemba\u00e7ador traseiro<\/p>\n<p>C\u00e2mbio 5 marchas<\/p>\n<p>Perfeita de lataria e pintura<\/p>\n<p>O carro possui todos os frisos em perfeito estado<\/p>\n<p>Selada de frente e traseira<\/p>\n<p>Caravan maravilhosa<\/p>\n<p>Vem pra GGS Garage aqui voc\u00ea pode!!!<\/p>\n<p>R$ 35.500,00<\/p>\n<p>J\u00e1 posso enviar com o certificado para as placas pretas!<\/p>\n<p>* Parcelo em at\u00e9 18x no cart\u00e3o de Cr\u00e9dito com juros baixos da maquina<\/p>\n<p>* Ve\u00edculo est\u00e1 em Mogi das Cruzes &#8211; SP<\/p>\n<p>* SITE<\/p>\n<p>* https:\/\/ggsveiculosantigos.com.br\/<\/p>\n<p>* TEL.\/ZAP: 11 2312-4596<\/p>\n","protected":false},"featured_media":5428,"template":"","meta":{"_joinchat":[]},"product_cat":[23],"product_tag":[],"_links":{"self":[{"href":"https:\/\/ggsveiculosantigos.com.br\/index.php?rest_route=\/wp\/v2\/product\/5427"}],"collection":[{"href":"https:\/\/ggsveiculosantigos.com.br\/index.php?rest_route=\/wp\/v2\/product"}],"about":[{"href":"https:\/\/ggsveiculosantigos.com.br\/index.php?rest_route=\/wp\/v2\/types\/product"}],"wp:featuredmedia":[{"embeddable":true,"href":"https:\/\/ggsveiculosantigos.com.br\/index.php?rest_route=\/wp\/v2\/media\/5428"}],"wp:attachment":[{"href":"https:\/\/ggsveiculosantigos.com.br\/index.php?rest_route=%2Fwp%2Fv2%2Fmedia&parent=5427"}],"wp:term":[{"taxonomy":"product_cat","embeddable":true,"href":"https:\/\/ggsveiculosantigos.com.br\/index.php?rest_route=%2Fwp%2Fv2%2Fproduct_cat&post=5427"},{"taxonomy":"product_tag","embeddable":true,"href":"https:\/\/ggsveiculosantigos.com.br\/index.php?rest_route=%2Fwp%2Fv2%2Fproduct_tag&post=5427"}],"curies":[{"name":"wp","href":"https:\/\/api.w.org\/{rel}","templated":true}]}}