{"id":5258,"date":"2026-01-22T14:27:09","date_gmt":"2026-01-22T17:27:09","guid":{"rendered":"https:\/\/ggsveiculosantigos.com.br\/?post_type=product&#038;p=5258"},"modified":"2026-01-22T14:27:09","modified_gmt":"2026-01-22T17:27:09","slug":"santana-cl-87-88-turbao","status":"publish","type":"product","link":"https:\/\/ggsveiculosantigos.com.br\/?product=santana-cl-87-88-turbao","title":{"rendered":"Santana CL 87\/88 turb\u00e3o"},"content":{"rendered":"","protected":false},"excerpt":{"rendered":"<p> VW Santana 2.0 \u2013 CL 1987\/1988<\/p>\n<p>Placa Preta | Turbo | Projeto Forte<\/p>\n<p>projeto bem montado, forte e confi\u00e1vel.<\/p>\n<p>S\u00f3 pegar e curtir.<\/p>\n<p> Mec\u00e2nica &amp; Performance<\/p>\n<p>Turbina .50 nova (na garantia)<\/p>\n<p>Comando preparado<\/p>\n<p>Polia regul\u00e1vel<\/p>\n<p>Carburador Weber 44 italiana \u2013 \u00e1lcool<\/p>\n<p>Catch tank instalado<\/p>\n<p>Alavanca de c\u00e2mbio engate r\u00e1pido<\/p>\n<p> Suspens\u00e3o &amp; Rodas<\/p>\n<p>Suspens\u00e3o preparada<\/p>\n<p>Buchas em PU<\/p>\n<p>Barra de tor\u00e7\u00e3o<\/p>\n<p>Rodas Orbital aro 17<\/p>\n<p>Pneus novos<\/p>\n<p> Conforto &amp; Est\u00e9tica<\/p>\n<p>Dire\u00e7\u00e3o hidr\u00e1ulica<\/p>\n<p>Interior monocrom\u00e1tico, muito bem conservado<\/p>\n<p> Documenta\u00e7\u00e3o<\/p>\n<p>Certificado de Placa Preta<\/p>\n<p>Manual do propriet\u00e1rio<\/p>\n<p>Chave reserva<\/p>\n<p>Ve\u00edculo 100% regularizado (rodas, suspens\u00e3o e pot\u00eancia)<\/p>\n<p>Valor 38.00,00<\/p>\n<p>O ve\u00edculo est\u00e1 em Mogi das Cruzes &#8211; SP<\/p>\n<p>Tratar direto com o vendedor<\/p>\n<p>Rodrigo 11 94170-4704<\/p>\n<p>A GGG classificados Vintage \u00e9 apenas um portal de an\u00fancios, n\u00e3o nos responsabilizamos por compras ou vendas feitas entre as partes !<br \/>\nSempre verifique e se certifique doque vai comprar!<\/p>\n","protected":false},"featured_media":5286,"template":"","meta":{"_joinchat":[]},"product_cat":[29],"product_tag":[],"_links":{"self":[{"href":"https:\/\/ggsveiculosantigos.com.br\/index.php?rest_route=\/wp\/v2\/product\/5258"}],"collection":[{"href":"https:\/\/ggsveiculosantigos.com.br\/index.php?rest_route=\/wp\/v2\/product"}],"about":[{"href":"https:\/\/ggsveiculosantigos.com.br\/index.php?rest_route=\/wp\/v2\/types\/product"}],"wp:featuredmedia":[{"embeddable":true,"href":"https:\/\/ggsveiculosantigos.com.br\/index.php?rest_route=\/wp\/v2\/media\/5286"}],"wp:attachment":[{"href":"https:\/\/ggsveiculosantigos.com.br\/index.php?rest_route=%2Fwp%2Fv2%2Fmedia&parent=5258"}],"wp:term":[{"taxonomy":"product_cat","embeddable":true,"href":"https:\/\/ggsveiculosantigos.com.br\/index.php?rest_route=%2Fwp%2Fv2%2Fproduct_cat&post=5258"},{"taxonomy":"product_tag","embeddable":true,"href":"https:\/\/ggsveiculosantigos.com.br\/index.php?rest_route=%2Fwp%2Fv2%2Fproduct_tag&post=5258"}],"curies":[{"name":"wp","href":"https:\/\/api.w.org\/{rel}","templated":true}]}}